{"id":4096,"date":"2022-11-15T01:47:39","date_gmt":"2022-11-15T01:47:39","guid":{"rendered":"https:\/\/invisipro.ca\/?page_id=4096"},"modified":"2023-11-13T00:01:04","modified_gmt":"2023-11-13T00:01:04","slug":"legal","status":"publish","type":"page","link":"https:\/\/invisipro.ca\/fr\/legal\/","title":{"rendered":"Mentions l\u00e9gales"},"content":{"rendered":"<div data-elementor-type=\"wp-post\" data-elementor-id=\"4096\" class=\"elementor elementor-4096\">\n\t\t\t\t\t\t<section class=\"elementor-section elementor-top-section elementor-element elementor-element-63b821a elementor-section-boxed elementor-section-height-default elementor-section-height-default\" data-id=\"63b821a\" data-element_type=\"section\" data-e-type=\"section\">\n\t\t\t\t\t\t<div class=\"elementor-container elementor-column-gap-default\">\n\t\t\t\t\t<div class=\"elementor-column elementor-col-100 elementor-top-column elementor-element elementor-element-714350c\" data-id=\"714350c\" data-element_type=\"column\" data-e-type=\"column\">\n\t\t\t<div class=\"elementor-widget-wrap elementor-element-populated\">\n\t\t\t\t\t\t<div class=\"elementor-element elementor-element-8929a22 elementor-widget elementor-widget-heading\" data-id=\"8929a22\" data-element_type=\"widget\" data-e-type=\"widget\" data-widget_type=\"heading.default\">\n\t\t\t\t<div class=\"elementor-widget-container\">\n\t\t\t\t\t<h2 class=\"elementor-heading-title elementor-size-default\">PRIVACY &amp; LEGAL<\/h2>\t\t\t\t<\/div>\n\t\t\t\t<\/div>\n\t\t\t\t<div class=\"elementor-element elementor-element-f070cf2 elementor-widget elementor-widget-text-editor\" data-id=\"f070cf2\" data-element_type=\"widget\" data-e-type=\"widget\" data-widget_type=\"text-editor.default\">\n\t\t\t\t<div class=\"elementor-widget-container\">\n\t\t\t\t\t\t\t\t\t<p>Votre vie priv\u00e9e compte. D\u00e9couvrez nos pratiques en mati\u00e8re de protection de la vie priv\u00e9e, la mani\u00e8re dont nous collectons et traitons les donn\u00e9es, ainsi que vos choix quant \u00e0 l'utilisation des informations, dans un format facile \u00e0 lire et \u00e0 parcourir.<\/p><p>\u00a0<\/p>\t\t\t\t\t\t\t\t<\/div>\n\t\t\t\t<\/div>\n\t\t\t\t<div class=\"elementor-element elementor-element-4b1a8a8 elementor-widget elementor-widget-heading\" data-id=\"4b1a8a8\" data-element_type=\"widget\" data-e-type=\"widget\" data-widget_type=\"heading.default\">\n\t\t\t\t<div class=\"elementor-widget-container\">\n\t\t\t\t\t<h2 class=\"elementor-heading-title elementor-size-default\">Politique de confidentialit\u00e9 d'Invisipro<\/h2>\t\t\t\t<\/div>\n\t\t\t\t<\/div>\n\t\t\t\t<div class=\"elementor-element elementor-element-a304cbb elementor-widget elementor-widget-text-editor\" data-id=\"a304cbb\" data-element_type=\"widget\" data-e-type=\"widget\" data-widget_type=\"text-editor.default\">\n\t\t\t\t<div class=\"elementor-widget-container\">\n\t\t\t\t\t\t\t\t\t<p>Effective 2023-11-14<\/p>\t\t\t\t\t\t\t\t<\/div>\n\t\t\t\t<\/div>\n\t\t\t\t<div class=\"elementor-element elementor-element-b96695e elementor-widget elementor-widget-text-editor\" data-id=\"b96695e\" data-element_type=\"widget\" data-e-type=\"widget\" data-widget_type=\"text-editor.default\">\n\t\t\t\t<div class=\"elementor-widget-container\">\n\t\t\t\t\t\t\t\t\t<p>www.invisipro.ca (le \"Site\") est d\u00e9tenu et exploit\u00e9 par Invisipro. Invisipro peut \u00eatre contact\u00e9 \u00e0 l'adresse suivante :<\/p><p>team@invisipro.ca<br \/>(438) 368-1021<br \/>1701 Rue Fleetwood, Laval, QC H7N 4B2<\/p><p><b><u>Objectif<\/u><br \/><\/b>L'objectif de cette politique de confidentialit\u00e9 (la \"Politique de confidentialit\u00e9\") est d'informer les utilisateurs de notre Site de ce qui suit :<\/p><ol start=\"1\"><li value=\"1\">Les donn\u00e9es personnelles que nous allons collecter ;<\/li><li value=\"2\">L'utilisation des donn\u00e9es collect\u00e9es ;<\/li><li value=\"3\">Qui a acc\u00e8s aux donn\u00e9es collect\u00e9es ;<\/li><li value=\"4\">les droits des utilisateurs du site ; et<\/li><li value=\"5\">la politique en mati\u00e8re de cookies du site.<\/li><\/ol><p>Cette politique de confidentialit\u00e9 s'applique en plus des conditions g\u00e9n\u00e9rales de notre site.<\/p><div><p><b><u>Consentement<\/u><\/b><br \/>En utilisant notre site, les utilisateurs conviennent de ce qui suit :<\/p><ol start=\"1\" data-id=\"omOl1\"><li value=\"1\">les conditions \u00e9nonc\u00e9es dans la pr\u00e9sente politique de confidentialit\u00e9 ; et<\/li><li value=\"2\">La collecte, l'utilisation et la conservation des donn\u00e9es \u00e9num\u00e9r\u00e9es dans la pr\u00e9sente politique de confidentialit\u00e9.<\/li><\/ol><\/div><p><b><i>Donn\u00e9es personnelles que nous collectons<br \/><\/i><\/b>Nous ne recueillons que les donn\u00e9es qui nous aident \u00e0 atteindre l'objectif d\u00e9fini dans la pr\u00e9sente politique de confidentialit\u00e9. Nous ne collecterons pas de donn\u00e9es suppl\u00e9mentaires en dehors de celles \u00e9num\u00e9r\u00e9es ci-dessous sans vous en informer au pr\u00e9alable.<\/p><p><u><b>Donn\u00e9es collect\u00e9es automatiquement<br \/><\/b><\/u>Lorsque vous visitez et utilisez notre Site, nous pouvons collecter et stocker automatiquement les informations suivantes :<\/p><ol start=\"1\"><li value=\"1\">Adresse IP<\/li><li value=\"2\">localisation ;<\/li><li value=\"3\">Les liens cliqu\u00e9s ; et<\/li><li value=\"4\">Contenu visualis\u00e9.<\/li><\/ol><p><b><u>Donn\u00e9es collect\u00e9es de mani\u00e8re non automatique<br \/><\/u><\/b>Nous pouvons \u00e9galement recueillir les donn\u00e9es suivantes lorsque vous ex\u00e9cutez certaines fonctions sur notre site :<\/p><ol start=\"1\"><li value=\"1\">Pr\u00e9nom et nom de famille ;<\/li><li value=\"2\">Adresse \u00e9lectronique ;<\/li><li value=\"3\">le num\u00e9ro de t\u00e9l\u00e9phone ;<\/li><li value=\"4\">Informations sur le paiement ; et<\/li><li value=\"5\">Donn\u00e9es de remplissage automatique.<\/li><\/ol><p>Ces donn\u00e9es peuvent \u00eatre recueillies par les m\u00e9thodes suivantes :<\/p><ol start=\"1\"><li value=\"1\">Prise de rendez-vous ; et<\/li><li value=\"2\">Soumission d'une demande de renseignements.<\/li><\/ol><p><b><u>Comment nous utilisons les donn\u00e9es personnelles<br \/><\/u><\/b>Les donn\u00e9es recueillies sur notre site ne seront utilis\u00e9es qu'aux fins sp\u00e9cifi\u00e9es dans la pr\u00e9sente politique de confidentialit\u00e9 ou indiqu\u00e9es sur les pages concern\u00e9es de notre site. Nous n'utiliserons pas vos donn\u00e9es au-del\u00e0 de ce que nous indiquons dans la pr\u00e9sente politique de confidentialit\u00e9.<\/p><p>Les donn\u00e9es que nous collectons automatiquement sont utilis\u00e9es aux fins suivantes :<\/p><ol start=\"1\"><li value=\"1\">Statistiques ; et<\/li><li value=\"2\">Analytique.<\/li><\/ol><p>Les donn\u00e9es que nous recueillons lorsque l'utilisateur ex\u00e9cute certaines fonctions peuvent \u00eatre utilis\u00e9es aux fins suivantes :<\/p><ol start=\"1\"><li value=\"1\">Communication.<\/li><\/ol><p><b><u>Avec qui nous partageons les donn\u00e9es personnelles<br \/><\/u><\/b><u>Employ\u00e9s<\/u><br \/>Nous pouvons divulguer les donn\u00e9es des utilisateurs \u00e0 tout membre de notre organisation qui a raisonnablement besoin d'acc\u00e9der aux donn\u00e9es des utilisateurs pour atteindre les objectifs d\u00e9finis dans la pr\u00e9sente politique de confidentialit\u00e9.<\/p><div><p><u>Autres divulgations<br \/><\/u>Nous ne vendrons ni ne partagerons vos donn\u00e9es avec d'autres tiers, sauf dans les cas suivants :<\/p><ol start=\"1\" data-id=\"omOl2\"><li value=\"1\">Si la loi l'exige ;<\/li><li value=\"2\">Si cela est n\u00e9cessaire dans le cadre d'une proc\u00e9dure judiciaire ;<\/li><li value=\"3\">Pour prouver ou prot\u00e9ger nos droits l\u00e9gaux ; et<\/li><li value=\"4\">Aux acheteurs ou acheteurs potentiels de cette soci\u00e9t\u00e9 dans le cas o\u00f9 nous chercherions \u00e0 vendre la soci\u00e9t\u00e9.<\/li><\/ol><p>Si vous suivez des hyperliens de notre site vers un autre site, veuillez noter que nous ne sommes pas responsables de leurs politiques et pratiques de confidentialit\u00e9 et que nous n'avons aucun contr\u00f4le sur celles-ci.<\/p><\/div><p><b><u>Dur\u00e9e de conservation des donn\u00e9es personnelles<br \/><\/u><\/b>Les donn\u00e9es des utilisateurs seront stock\u00e9es jusqu'\u00e0 ce que l'objectif pour lequel elles ont \u00e9t\u00e9 collect\u00e9es ait \u00e9t\u00e9 atteint.<\/p><p>Vous serez inform\u00e9 si vos donn\u00e9es sont conserv\u00e9es plus longtemps que cette p\u00e9riode.<\/p><p><b><u>Comment nous prot\u00e9geons vos donn\u00e9es personnelles<br \/><\/u><\/b>Afin de prot\u00e9ger votre s\u00e9curit\u00e9, nous utilisons le cryptage de navigateur le plus puissant disponible et stockons toutes nos donn\u00e9es sur des serveurs dans des installations s\u00e9curis\u00e9es. Toutes les donn\u00e9es ne sont accessibles qu'\u00e0 nos employ\u00e9s. Nos employ\u00e9s sont li\u00e9s par des accords de confidentialit\u00e9 stricts et une violation de cet accord entra\u00eenerait le licenciement de l'employ\u00e9.<\/p><p>Bien que nous prenions toutes les pr\u00e9cautions raisonnables pour garantir la s\u00e9curit\u00e9 des donn\u00e9es des utilisateurs et la protection de ces derniers, il existe toujours un risque de pr\u00e9judice. L'Internet dans son ensemble peut parfois \u00eatre peu s\u00fbr et nous ne sommes donc pas en mesure de garantir la s\u00e9curit\u00e9 des donn\u00e9es des utilisateurs au-del\u00e0 de ce qui est raisonnablement possible.<\/p><div><p><b><u>Enfants<\/u><\/b><br \/>Nous ne collectons ni n'utilisons sciemment les donn\u00e9es personnelles d'enfants de moins de 13 ans. Si nous apprenons que nous avons collect\u00e9 des donn\u00e9es personnelles aupr\u00e8s d'un enfant de moins de 13 ans, ces donn\u00e9es seront supprim\u00e9es d\u00e8s que possible. Si un enfant de moins de 13 ans nous a fourni des donn\u00e9es personnelles, ses parents ou son tuteur peuvent contacter notre responsable de la protection de la vie priv\u00e9e.<\/p><\/div><p><b><u>Comment acc\u00e9der, modifier, supprimer ou contester les donn\u00e9es collect\u00e9es<br \/><\/u><\/b>Si vous souhaitez savoir si nous avons collect\u00e9 vos donn\u00e9es personnelles, comment nous les avons utilis\u00e9es, si nous avons divulgu\u00e9 vos donn\u00e9es personnelles et \u00e0 qui nous les avons divulgu\u00e9es, ou si vous souhaitez que vos donn\u00e9es soient supprim\u00e9es ou modifi\u00e9es de quelque mani\u00e8re que ce soit, veuillez contacter notre responsable de la protection de la vie priv\u00e9e ici :<\/p><p>Dominic Gilbert<br \/>team@invisipro.ca<br \/>(438) 368-1021<br \/>1701 Rue Fleetwood, Laval, QC H7N 4B2<\/p><div><p><b><u>Politique en mati\u00e8re de cookies<br \/><\/u><\/b>Un cookie est un petit fichier, stock\u00e9 sur le disque dur d'un utilisateur par un site web. Son but est de collecter des donn\u00e9es relatives aux habitudes de navigation de l'utilisateur. Vous pouvez choisir d'\u00eatre inform\u00e9 chaque fois qu'un cookie est transmis. Vous pouvez \u00e9galement choisir de d\u00e9sactiver enti\u00e8rement les cookies dans votre navigateur internet, mais cela peut diminuer la qualit\u00e9 de votre exp\u00e9rience utilisateur.<\/p><p>Nous utilisons les types de cookies suivants sur notre site :<\/p><ol start=\"1\" data-id=\"omOl3\"><li value=\"1\" class=\"translation-block\"><u>Cookies analytiques<\/u><u><br><\/u>Les cookies analytiques nous permettent d'am\u00e9liorer la conception et la fonctionnalit\u00e9 de notre Site en collectant des donn\u00e9es sur la mani\u00e8re dont vous acc\u00e9dez \u00e0 notre Site, par exemple des donn\u00e9es sur le contenu auquel vous acc\u00e9dez, la dur\u00e9e de votre s\u00e9jour sur notre Site, etc ;<\/li><li value=\"2\"><u>Cookies de ciblage<\/u><u><br \/><\/u>Les cookies de ciblage collectent des donn\u00e9es sur la fa\u00e7on dont vous utilisez le Site et vos pr\u00e9f\u00e9rences. Cela nous permet de personnaliser les informations que vous voyez sur notre Site en fonction de vos besoins.<\/li><\/ol><ol start=\"1\" data-id=\"omOl3\"><li value=\"3\"><u>Cookies tiers<\/u><br \/>Les cookies tiers sont cr\u00e9\u00e9s par un site web autre que le n\u00f4tre. Nous pouvons utiliser des cookies tiers pour atteindre les objectifs suivants :<br \/><ol start=\"1\" data-id=\"omOlOl1\"><li value=\"1\">Surveiller les pr\u00e9f\u00e9rences des utilisateurs pour adapter les publicit\u00e9s en fonction de leurs int\u00e9r\u00eats.<\/li><\/ol><\/li><\/ol><\/div><p><b><u>Modifications<br \/><\/u><\/b>La pr\u00e9sente politique de confidentialit\u00e9 peut \u00eatre modifi\u00e9e de temps \u00e0 autre afin de rester conforme \u00e0 la loi et de refl\u00e9ter toute modification de notre processus de collecte de donn\u00e9es. Lorsque nous modifions la pr\u00e9sente politique de confidentialit\u00e9, nous mettons \u00e0 jour la \"date d'entr\u00e9e en vigueur\" figurant en haut de la pr\u00e9sente politique de confidentialit\u00e9. Nous recommandons \u00e0 nos utilisateurs de consulter p\u00e9riodiquement notre politique de confidentialit\u00e9 afin de s'assurer qu'ils sont inform\u00e9s de toute mise \u00e0 jour. Si n\u00e9cessaire, nous pouvons informer les utilisateurs par courrier \u00e9lectronique des modifications apport\u00e9es \u00e0 la pr\u00e9sente politique de confidentialit\u00e9.<\/p><p><b><u>Informations de contact<br \/><\/u><\/b>Si vous avez des questions, des pr\u00e9occupations ou des plaintes, vous pouvez contacter notre responsable de la protection de la vie priv\u00e9e, Dominic Gilbert, \u00e0 :<\/p><p>team@invisipro.ca<br \/>(438) 368-1021<br \/>1701 Rue Fleetwood, Laval, QC H7N 4B2<\/p>\t\t\t\t\t\t\t\t<\/div>\n\t\t\t\t<\/div>\n\t\t\t\t\t<\/div>\n\t\t<\/div>\n\t\t\t\t\t<\/div>\n\t\t<\/section>\n\t\t\t\t<\/div>","protected":false},"excerpt":{"rendered":"<p>PRIVACY &#038; LEGAL Your privacy matters. Get to know our privacy practices, how we collect and process data, and your choices about how information is used, in a format that is easy to read and navigate. \u00a0 Invisipro Privacy Policy Effective 2023-11-14 www.invisipro.ca (the &#8220;Site&#8221;) is owned and operated by Invisipro. Invisipro can be contacted [&hellip;]<\/p>\n","protected":false},"author":6,"featured_media":0,"parent":0,"menu_order":0,"comment_status":"closed","ping_status":"closed","template":"elementor_header_footer","meta":{"_acf_changed":false,"_monsterinsights_skip_tracking":false,"_monsterinsights_sitenote_active":false,"_monsterinsights_sitenote_note":"","_monsterinsights_sitenote_category":0,"footnotes":""},"class_list":["post-4096","page","type-page","status-publish","hentry"],"acf":[],"_links":{"self":[{"href":"https:\/\/invisipro.ca\/fr\/wp-json\/wp\/v2\/pages\/4096","targetHints":{"allow":["GET"]}}],"collection":[{"href":"https:\/\/invisipro.ca\/fr\/wp-json\/wp\/v2\/pages"}],"about":[{"href":"https:\/\/invisipro.ca\/fr\/wp-json\/wp\/v2\/types\/page"}],"author":[{"embeddable":true,"href":"https:\/\/invisipro.ca\/fr\/wp-json\/wp\/v2\/users\/6"}],"replies":[{"embeddable":true,"href":"https:\/\/invisipro.ca\/fr\/wp-json\/wp\/v2\/comments?post=4096"}],"version-history":[{"count":20,"href":"https:\/\/invisipro.ca\/fr\/wp-json\/wp\/v2\/pages\/4096\/revisions"}],"predecessor-version":[{"id":5221,"href":"https:\/\/invisipro.ca\/fr\/wp-json\/wp\/v2\/pages\/4096\/revisions\/5221"}],"wp:attachment":[{"href":"https:\/\/invisipro.ca\/fr\/wp-json\/wp\/v2\/media?parent=4096"}],"curies":[{"name":"wp","href":"https:\/\/api.w.org\/{rel}","templated":true}]}}